{"id":100,"date":"2023-05-22T09:42:34","date_gmt":"2023-05-22T09:42:34","guid":{"rendered":"https:\/\/www.hattons-orientexpress.de\/?page_id=100"},"modified":"2023-05-22T10:04:11","modified_gmt":"2023-05-22T10:04:11","slug":"ueber-uns","status":"publish","type":"page","link":"https:\/\/www.hattons-orientexpress.de\/?page_id=100","title":{"rendered":"\u00dcber uns"},"content":{"rendered":"\n<div class=\"wp-block-columns is-layout-flex wp-container-3\">\n<div class=\"wp-block-column is-layout-flow\" style=\"flex-basis:50%\">\n<figure class=\"wp-block-image size-large\"><img decoding=\"async\" loading=\"lazy\" width=\"766\" height=\"1024\" src=\"https:\/\/www.hattons-orientexpress.de\/wp-content\/uploads\/2023\/05\/IMG_20221229_111812-766x1024.jpg\" alt=\"Das sind wir\" class=\"wp-image-95\" srcset=\"https:\/\/www.hattons-orientexpress.de\/wp-content\/uploads\/2023\/05\/IMG_20221229_111812-766x1024.jpg 766w, https:\/\/www.hattons-orientexpress.de\/wp-content\/uploads\/2023\/05\/IMG_20221229_111812-225x300.jpg 225w, https:\/\/www.hattons-orientexpress.de\/wp-content\/uploads\/2023\/05\/IMG_20221229_111812-768x1026.jpg 768w, https:\/\/www.hattons-orientexpress.de\/wp-content\/uploads\/2023\/05\/IMG_20221229_111812-1150x1536.jpg 1150w, https:\/\/www.hattons-orientexpress.de\/wp-content\/uploads\/2023\/05\/IMG_20221229_111812-1533x2048.jpg 1533w, https:\/\/www.hattons-orientexpress.de\/wp-content\/uploads\/2023\/05\/IMG_20221229_111812-1240x1657.jpg 1240w, https:\/\/www.hattons-orientexpress.de\/wp-content\/uploads\/2023\/05\/IMG_20221229_111812-508x679.jpg 508w, https:\/\/www.hattons-orientexpress.de\/wp-content\/uploads\/2023\/05\/IMG_20221229_111812-scaled.jpg 1916w\" sizes=\"(max-width: 766px) 100vw, 766px\" \/><\/figure>\n<\/div>\n\n\n\n<div class=\"wp-block-column is-layout-flow\" style=\"flex-basis:50%\">\n<p>Herzlich willkommen zum Hatton\u00b4s Orientexpress!<\/p>\n\n\n\n<p>Wir (Duygu, Esme und Timmy) sind eine junge Family die seit 2017 haupts\u00e4chlich mit dem Wohnmobil die Welt bereisen.<br>Der ber\u00fchmte Reisende Chris McCandless schrieb einst; &#8222;Happiness is only real when shared&#8220; (Gl\u00fccklichkeit ist nur real, wenn sie geteilt wird). Deshalb wollen wir EUCH daran teilhaben lassen.<\/p>\n\n\n\n<p><\/p>\n<\/div>\n<\/div>\n\n\n\n<p>Anatolien war schon immer ein Knotenpunkt verschiedener Zivilisation und heute immer noch eine kulturel interessante und bedeutene Region.<\/p>\n\n\n\n<p>Als Timmy 2018 das erste Mal in der T\u00fcrkei, war er begeistert von der kulturellen Vielfalt, der Herzlichkeit der Menschen und der faszinierenden Natur.<br>Als er dann Duygu in ihrer Heimatstadt Adana kennen gelernt hat, k\u00f6nnte viel dazu lernen.<\/p>\n\n\n\n<p>Den Duygu hat zu der Zeit ihren Master in Anthropology in Hatay absolviert.<br>Gemeisamen haben wir erst die T\u00fcrkei und anchlie\u00dfend mit unserem Wohnmobil durch Zentralasien bis nach Indien gefahren.<\/p>\n\n\n\n<p>Wir sind dankbar f\u00fcr alles was wir erlebt und gesehen haben. Seit der Geburt von Esme haben wir in Adana, T\u00fcrkei eine kleine Base eingerichtet und wollen anderen Menschen die T\u00fcrkei zeigen.<br>Wir freuen uns auf dich!<\/p>\n\n\n\n<figure class=\"wp-block-embed is-type-video is-provider-youtube wp-block-embed-youtube wp-embed-aspect-16-9 wp-has-aspect-ratio\"><div class=\"wp-block-embed__wrapper\">\n<iframe loading=\"lazy\" title=\"24 months - 90 000km in crazy world!!   Mit dem Wohnmobil nach Indien und wieder zur\u00fcck\" width=\"600\" height=\"338\" src=\"https:\/\/www.youtube.com\/embed\/MhKQuqE_n48?start=2&#038;feature=oembed\" frameborder=\"0\" allow=\"accelerometer; autoplay; clipboard-write; encrypted-media; gyroscope; picture-in-picture; web-share\" allowfullscreen><\/iframe>\n<\/div><\/figure>\n","protected":false},"excerpt":{"rendered":"<p>Herzlich willkommen zum Hatton\u00b4s Orientexpress! Wir (Duygu, Esme und Timmy) sind eine junge Family die seit 2017 haupts\u00e4chlich mit dem Wohnmobil die Welt bereisen.Der ber\u00fchmte Reisende Chris McCandless schrieb einst; &#8222;Happiness is only real when shared&#8220; (Gl\u00fccklichkeit ist nur real, wenn sie geteilt wird). Deshalb wollen wir EUCH daran teilhaben lassen. Anatolien war schon immer [&hellip;]<\/p>\n","protected":false},"author":1,"featured_media":0,"parent":0,"menu_order":0,"comment_status":"closed","ping_status":"closed","template":"","meta":[],"_links":{"self":[{"href":"https:\/\/www.hattons-orientexpress.de\/index.php?rest_route=\/wp\/v2\/pages\/100"}],"collection":[{"href":"https:\/\/www.hattons-orientexpress.de\/index.php?rest_route=\/wp\/v2\/pages"}],"about":[{"href":"https:\/\/www.hattons-orientexpress.de\/index.php?rest_route=\/wp\/v2\/types\/page"}],"author":[{"embeddable":true,"href":"https:\/\/www.hattons-orientexpress.de\/index.php?rest_route=\/wp\/v2\/users\/1"}],"replies":[{"embeddable":true,"href":"https:\/\/www.hattons-orientexpress.de\/index.php?rest_route=%2Fwp%2Fv2%2Fcomments&post=100"}],"version-history":[{"count":3,"href":"https:\/\/www.hattons-orientexpress.de\/index.php?rest_route=\/wp\/v2\/pages\/100\/revisions"}],"predecessor-version":[{"id":109,"href":"https:\/\/www.hattons-orientexpress.de\/index.php?rest_route=\/wp\/v2\/pages\/100\/revisions\/109"}],"wp:attachment":[{"href":"https:\/\/www.hattons-orientexpress.de\/index.php?rest_route=%2Fwp%2Fv2%2Fmedia&parent=100"}],"curies":[{"name":"wp","href":"https:\/\/api.w.org\/{rel}","templated":true}]}}