{"id":24,"date":"2023-01-09T16:29:33","date_gmt":"2023-01-09T16:29:33","guid":{"rendered":"https:\/\/hattons-orientexpress.de\/?page_id=24"},"modified":"2023-09-30T07:19:01","modified_gmt":"2023-09-30T07:19:01","slug":"home","status":"publish","type":"page","link":"https:\/\/www.hattons-orientexpress.de\/","title":{"rendered":"\u00dcbersicht"},"content":{"rendered":"\n<div class=\"wp-block-columns alignfull is-layout-flex wp-container-6\">\n<div class=\"wp-block-column is-layout-flow\" style=\"flex-basis:100%\">\n<div class=\"wp-block-group is-layout-constrained\"><div class=\"wp-block-group__inner-container\">\n<div class=\"wp-block-columns alignwide are-vertically-aligned-center is-layout-flex wp-container-3\">\n<div class=\"wp-block-column is-layout-flow\"><div class=\"wp-block-image\">\n<figure class=\"aligncenter size-large\"><a href=\"https:\/\/www.hattons-orientexpress.de\/?page_id=9\"><img decoding=\"async\" loading=\"lazy\" width=\"1024\" height=\"683\" src=\"https:\/\/www.hattons-orientexpress.de\/wp-content\/uploads\/2023\/05\/Mardin4_Titel-1024x683.jpg\" alt=\"\" class=\"wp-image-56\" srcset=\"https:\/\/www.hattons-orientexpress.de\/wp-content\/uploads\/2023\/05\/Mardin4_Titel-1024x683.jpg 1024w, https:\/\/www.hattons-orientexpress.de\/wp-content\/uploads\/2023\/05\/Mardin4_Titel-300x200.jpg 300w, https:\/\/www.hattons-orientexpress.de\/wp-content\/uploads\/2023\/05\/Mardin4_Titel-768x513.jpg 768w, https:\/\/www.hattons-orientexpress.de\/wp-content\/uploads\/2023\/05\/Mardin4_Titel-1536x1025.jpg 1536w, https:\/\/www.hattons-orientexpress.de\/wp-content\/uploads\/2023\/05\/Mardin4_Titel-2048x1367.jpg 2048w, https:\/\/www.hattons-orientexpress.de\/wp-content\/uploads\/2023\/05\/Mardin4_Titel-1240x827.jpg 1240w, https:\/\/www.hattons-orientexpress.de\/wp-content\/uploads\/2023\/05\/Mardin4_Titel-508x339.jpg 508w\" sizes=\"(max-width: 1024px) 100vw, 1024px\" \/><\/a><figcaption class=\"wp-element-caption\">12 Tage S\u00fcdost T\u00fcrkei<\/figcaption><\/figure><\/div><\/div>\n\n\n\n<div class=\"wp-block-column is-layout-flow\">\n<figure class=\"wp-block-image alignfull size-large\"><a href=\"https:\/\/www.hattons-orientexpress.de\/?page_id=8\"><img decoding=\"async\" loading=\"lazy\" width=\"1024\" height=\"683\" src=\"https:\/\/www.hattons-orientexpress.de\/wp-content\/uploads\/2023\/05\/Ephesus-Titel-1024x683.jpg\" alt=\"\" class=\"wp-image-64\" srcset=\"https:\/\/www.hattons-orientexpress.de\/wp-content\/uploads\/2023\/05\/Ephesus-Titel-1024x683.jpg 1024w, https:\/\/www.hattons-orientexpress.de\/wp-content\/uploads\/2023\/05\/Ephesus-Titel-300x200.jpg 300w, https:\/\/www.hattons-orientexpress.de\/wp-content\/uploads\/2023\/05\/Ephesus-Titel-768x512.jpg 768w, https:\/\/www.hattons-orientexpress.de\/wp-content\/uploads\/2023\/05\/Ephesus-Titel-1536x1024.jpg 1536w, https:\/\/www.hattons-orientexpress.de\/wp-content\/uploads\/2023\/05\/Ephesus-Titel-2048x1365.jpg 2048w, https:\/\/www.hattons-orientexpress.de\/wp-content\/uploads\/2023\/05\/Ephesus-Titel-1240x827.jpg 1240w, https:\/\/www.hattons-orientexpress.de\/wp-content\/uploads\/2023\/05\/Ephesus-Titel-508x339.jpg 508w\" sizes=\"(max-width: 1024px) 100vw, 1024px\" \/><\/a><figcaption class=\"wp-element-caption\">5 Tage &#8211; 7 Gemeinden der Offenbarung<\/figcaption><\/figure>\n<\/div>\n<\/div>\n<\/div><\/div>\n<\/div>\n<\/div>\n\n\n\n<div class=\"wp-block-columns alignwide is-layout-flex wp-container-9\">\n<div class=\"wp-block-column is-layout-flow\" style=\"flex-basis:50%\"><div class=\"wp-block-image\">\n<figure class=\"aligncenter size-large is-resized\"><img decoding=\"async\" loading=\"lazy\" src=\"https:\/\/www.hattons-orientexpress.de\/wp-content\/uploads\/2023\/05\/IMG_20221229_111812-766x1024.jpg\" alt=\"Das sind wir\" class=\"wp-image-95\" width=\"383\" height=\"512\" srcset=\"https:\/\/www.hattons-orientexpress.de\/wp-content\/uploads\/2023\/05\/IMG_20221229_111812-766x1024.jpg 766w, https:\/\/www.hattons-orientexpress.de\/wp-content\/uploads\/2023\/05\/IMG_20221229_111812-225x300.jpg 225w, https:\/\/www.hattons-orientexpress.de\/wp-content\/uploads\/2023\/05\/IMG_20221229_111812-768x1026.jpg 768w, https:\/\/www.hattons-orientexpress.de\/wp-content\/uploads\/2023\/05\/IMG_20221229_111812-1150x1536.jpg 1150w, https:\/\/www.hattons-orientexpress.de\/wp-content\/uploads\/2023\/05\/IMG_20221229_111812-1533x2048.jpg 1533w, https:\/\/www.hattons-orientexpress.de\/wp-content\/uploads\/2023\/05\/IMG_20221229_111812-1240x1657.jpg 1240w, https:\/\/www.hattons-orientexpress.de\/wp-content\/uploads\/2023\/05\/IMG_20221229_111812-508x679.jpg 508w, https:\/\/www.hattons-orientexpress.de\/wp-content\/uploads\/2023\/05\/IMG_20221229_111812-scaled.jpg 1916w\" sizes=\"(max-width: 383px) 100vw, 383px\" \/><\/figure><\/div><\/div>\n\n\n\n<div class=\"wp-block-column is-layout-flow\" style=\"flex-basis:50%\">\n<p><strong>Herzlich willkommen zum Hatton\u00b4s Orientexpress!<\/strong><br><br>Wir sind eine junge Family die seit 2017 haupts\u00e4chlich mit dem Wohnmobil die Welt bereisen.<br>Der ber\u00fchmte Reisende Chris McCandless schrieb einst; &#8222;Happiness is only real when shared&#8220; (Gl\u00fccklichkeit ist nur real, wenn sie geteilt wird). Deshalb wollen wir EUCH daran teilhaben lassen.<br><\/p>\n\n\n\n<p><a href=\"https:\/\/www.hattons-orientexpress.de\/?page_id=100\" data-type=\"URL\" data-id=\"https:\/\/www.hattons-orientexpress.de\/?page_id=100\">Mehr lesen&#8230;<\/a><\/p>\n<\/div>\n<\/div>\n\n\n\n<div style=\"padding:20px\" class=\"wp-block-tnp-minimal\"><p>Subscribe to our newsletter!<\/p><div><div class=\"tnp tnp-subscription-minimal \"><form action=\"https:\/\/www.hattons-orientexpress.de\/?na=s\" method=\"post\"><input type=\"hidden\" name=\"nr\" value=\"minimal\"><input type=\"hidden\" name=\"nlang\" value=\"\"><input class=\"tnp-email\" type=\"email\" required name=\"ne\" value=\"\" placeholder=\"E-Mail-Adresse\"><input class=\"tnp-submit\" type=\"submit\" value=\"Abonnieren\" style=\"background-color:\"><div class=\"tnp-field tnp-privacy-field\"><label><input type=\"checkbox\" name=\"ny\" required class=\"tnp-privacy\"> Hiermit akzeptiere ich die Datenschutzbestimmungen<\/label><\/div><\/form><\/div>\n<\/div><\/div>\n","protected":false},"excerpt":{"rendered":"<p>Herzlich willkommen zum Hatton\u00b4s Orientexpress! Wir sind eine junge Family die seit 2017 haupts\u00e4chlich mit dem Wohnmobil die Welt bereisen.Der ber\u00fchmte Reisende Chris McCandless schrieb einst; &#8222;Happiness is only real when shared&#8220; (Gl\u00fccklichkeit ist nur real, wenn sie geteilt wird). Deshalb wollen wir EUCH daran teilhaben lassen. Mehr lesen&#8230;<\/p>\n","protected":false},"author":1,"featured_media":0,"parent":100,"menu_order":0,"comment_status":"closed","ping_status":"closed","template":"","meta":[],"_links":{"self":[{"href":"https:\/\/www.hattons-orientexpress.de\/index.php?rest_route=\/wp\/v2\/pages\/24"}],"collection":[{"href":"https:\/\/www.hattons-orientexpress.de\/index.php?rest_route=\/wp\/v2\/pages"}],"about":[{"href":"https:\/\/www.hattons-orientexpress.de\/index.php?rest_route=\/wp\/v2\/types\/page"}],"author":[{"embeddable":true,"href":"https:\/\/www.hattons-orientexpress.de\/index.php?rest_route=\/wp\/v2\/users\/1"}],"replies":[{"embeddable":true,"href":"https:\/\/www.hattons-orientexpress.de\/index.php?rest_route=%2Fwp%2Fv2%2Fcomments&post=24"}],"version-history":[{"count":33,"href":"https:\/\/www.hattons-orientexpress.de\/index.php?rest_route=\/wp\/v2\/pages\/24\/revisions"}],"predecessor-version":[{"id":154,"href":"https:\/\/www.hattons-orientexpress.de\/index.php?rest_route=\/wp\/v2\/pages\/24\/revisions\/154"}],"up":[{"embeddable":true,"href":"https:\/\/www.hattons-orientexpress.de\/index.php?rest_route=\/wp\/v2\/pages\/100"}],"wp:attachment":[{"href":"https:\/\/www.hattons-orientexpress.de\/index.php?rest_route=%2Fwp%2Fv2%2Fmedia&parent=24"}],"curies":[{"name":"wp","href":"https:\/\/api.w.org\/{rel}","templated":true}]}}