{"id":9,"date":"2023-01-09T16:17:28","date_gmt":"2023-01-09T16:17:28","guid":{"rendered":"https:\/\/hattons-orientexpress.de\/?page_id=9"},"modified":"2023-05-22T11:08:06","modified_gmt":"2023-05-22T11:08:06","slug":"suedost-tuerkei","status":"publish","type":"page","link":"https:\/\/www.hattons-orientexpress.de\/?page_id=9","title":{"rendered":"S\u00fcdost T\u00fcrkei"},"content":{"rendered":"\n<p>12 Tages Tour in den S\u00fcdosten der T\u00fcrkei.<br>Leider ist ein Gro\u00dfteil dieser Tour in der Region, die im Februar 2023 sehr stark vom Erdbeben betroffen war.<br>Stand Mai 2023: hier leben noch immer 100 Tausend Menschen in Zelten in Container. Wir w\u00fcrden gerne Menschen, die sich daf\u00fcr interessieren, in diese St\u00e4dte bringen. Haben uns allerdings daf\u00fcr entschieden, diese Tour bis auf weiteres auszusetzen.<br>Vielen Dank f\u00fcr Ihr Verst\u00e4ndnis.<\/p>\n\n\n\n<figure class=\"wp-block-image size-large\"><img decoding=\"async\" loading=\"lazy\" width=\"1024\" height=\"574\" src=\"https:\/\/www.hattons-orientexpress.de\/wp-content\/uploads\/2023\/05\/Screenshot_3-2-1024x574.png\" alt=\"\" class=\"wp-image-51\" srcset=\"https:\/\/www.hattons-orientexpress.de\/wp-content\/uploads\/2023\/05\/Screenshot_3-2-1024x574.png 1024w, https:\/\/www.hattons-orientexpress.de\/wp-content\/uploads\/2023\/05\/Screenshot_3-2-300x168.png 300w, https:\/\/www.hattons-orientexpress.de\/wp-content\/uploads\/2023\/05\/Screenshot_3-2-768x431.png 768w, https:\/\/www.hattons-orientexpress.de\/wp-content\/uploads\/2023\/05\/Screenshot_3-2-1240x696.png 1240w, https:\/\/www.hattons-orientexpress.de\/wp-content\/uploads\/2023\/05\/Screenshot_3-2-508x285.png 508w, https:\/\/www.hattons-orientexpress.de\/wp-content\/uploads\/2023\/05\/Screenshot_3-2.png 1305w\" sizes=\"(max-width: 1024px) 100vw, 1024px\" \/><\/figure>\n\n\n\n<figure class=\"wp-block-image size-large\"><img decoding=\"async\" loading=\"lazy\" width=\"1024\" height=\"577\" src=\"https:\/\/www.hattons-orientexpress.de\/wp-content\/uploads\/2023\/05\/Screenshot_1-1024x577.png\" alt=\"\" class=\"wp-image-52\" srcset=\"https:\/\/www.hattons-orientexpress.de\/wp-content\/uploads\/2023\/05\/Screenshot_1-1024x577.png 1024w, https:\/\/www.hattons-orientexpress.de\/wp-content\/uploads\/2023\/05\/Screenshot_1-300x169.png 300w, https:\/\/www.hattons-orientexpress.de\/wp-content\/uploads\/2023\/05\/Screenshot_1-768x433.png 768w, https:\/\/www.hattons-orientexpress.de\/wp-content\/uploads\/2023\/05\/Screenshot_1-1240x699.png 1240w, https:\/\/www.hattons-orientexpress.de\/wp-content\/uploads\/2023\/05\/Screenshot_1-508x286.png 508w, https:\/\/www.hattons-orientexpress.de\/wp-content\/uploads\/2023\/05\/Screenshot_1.png 1309w\" sizes=\"(max-width: 1024px) 100vw, 1024px\" \/><\/figure>\n\n\n\n<div class=\"wp-block-contact-form-7-contact-form-selector\">\n<div class=\"wpcf7 no-js\" id=\"wpcf7-f123-o1\" lang=\"de-DE\" dir=\"ltr\">\n<div class=\"screen-reader-response\"><p role=\"status\" aria-live=\"polite\" aria-atomic=\"true\"><\/p> <ul><\/ul><\/div>\n<form action=\"\/index.php?rest_route=%2Fwp%2Fv2%2Fpages%2F9#wpcf7-f123-o1\" method=\"post\" class=\"wpcf7-form init\" aria-label=\"Kontaktformular\" novalidate=\"novalidate\" data-status=\"init\">\n<div style=\"display: none;\">\n<input type=\"hidden\" name=\"_wpcf7\" value=\"123\" \/>\n<input type=\"hidden\" name=\"_wpcf7_version\" value=\"5.7.6\" \/>\n<input type=\"hidden\" name=\"_wpcf7_locale\" value=\"de_DE\" \/>\n<input type=\"hidden\" name=\"_wpcf7_unit_tag\" value=\"wpcf7-f123-o1\" \/>\n<input type=\"hidden\" name=\"_wpcf7_container_post\" value=\"0\" \/>\n<input type=\"hidden\" name=\"_wpcf7_posted_data_hash\" value=\"\" \/>\n<\/div>\n<p><label> Dein Name<br \/>\n<span class=\"wpcf7-form-control-wrap\" data-name=\"your-name\"><input size=\"40\" class=\"wpcf7-form-control wpcf7-text wpcf7-validates-as-required\" autocomplete=\"name\" aria-required=\"true\" aria-invalid=\"false\" value=\"\" type=\"text\" name=\"your-name\" \/><\/span> <\/label>\n<\/p>\n<p><label> Deine E-Mail-Adresse<br \/>\n<span class=\"wpcf7-form-control-wrap\" data-name=\"your-email\"><input size=\"40\" class=\"wpcf7-form-control wpcf7-text wpcf7-email wpcf7-validates-as-required wpcf7-validates-as-email\" autocomplete=\"email\" aria-required=\"true\" aria-invalid=\"false\" value=\"\" type=\"email\" name=\"your-email\" \/><\/span> <\/label>\n<\/p>\n<p><label> Betreff<br \/>\n<span class=\"wpcf7-form-control-wrap\" data-name=\"your-subject\"><input size=\"40\" class=\"wpcf7-form-control wpcf7-text wpcf7-validates-as-required\" aria-required=\"true\" aria-invalid=\"false\" value=\"\" type=\"text\" name=\"your-subject\" \/><\/span> <\/label>\n<\/p>\n<p><label> Deine Nachricht (optional)<br \/>\n<span class=\"wpcf7-form-control-wrap\" data-name=\"your-message\"><textarea cols=\"40\" rows=\"10\" class=\"wpcf7-form-control wpcf7-textarea\" aria-invalid=\"false\" name=\"your-message\"><\/textarea><\/span> <\/label>\n<\/p>\n<p><input class=\"wpcf7-form-control has-spinner wpcf7-submit\" type=\"submit\" value=\"Senden\" \/>\n<\/p><div class=\"wpcf7-response-output\" aria-hidden=\"true\"><\/div>\n<\/form>\n<\/div>\n<\/div>\n\n\n\n<h2 class=\"wp-block-heading\">Das K\u00f6nnte sie auch interessieren:<\/h2>\n\n\n\n<figure class=\"wp-block-image size-large is-resized\"><a href=\"https:\/\/www.hattons-orientexpress.de\/?page_id=8\"><img decoding=\"async\" loading=\"lazy\" src=\"https:\/\/www.hattons-orientexpress.de\/wp-content\/uploads\/2023\/05\/Ephesus-Titel-1024x683.jpg\" alt=\"\" class=\"wp-image-64\" width=\"512\" height=\"342\" srcset=\"https:\/\/www.hattons-orientexpress.de\/wp-content\/uploads\/2023\/05\/Ephesus-Titel-1024x683.jpg 1024w, https:\/\/www.hattons-orientexpress.de\/wp-content\/uploads\/2023\/05\/Ephesus-Titel-300x200.jpg 300w, https:\/\/www.hattons-orientexpress.de\/wp-content\/uploads\/2023\/05\/Ephesus-Titel-768x512.jpg 768w, https:\/\/www.hattons-orientexpress.de\/wp-content\/uploads\/2023\/05\/Ephesus-Titel-1536x1024.jpg 1536w, https:\/\/www.hattons-orientexpress.de\/wp-content\/uploads\/2023\/05\/Ephesus-Titel-2048x1365.jpg 2048w, https:\/\/www.hattons-orientexpress.de\/wp-content\/uploads\/2023\/05\/Ephesus-Titel-1240x827.jpg 1240w, https:\/\/www.hattons-orientexpress.de\/wp-content\/uploads\/2023\/05\/Ephesus-Titel-508x339.jpg 508w\" sizes=\"(max-width: 512px) 100vw, 512px\" \/><\/a><\/figure>\n","protected":false},"excerpt":{"rendered":"<p>12 Tages Tour in den S\u00fcdosten der T\u00fcrkei.Leider ist ein Gro\u00dfteil dieser Tour in der Region, die im Februar 2023 sehr stark vom Erdbeben betroffen war.Stand Mai 2023: hier leben noch immer 100 Tausend Menschen in Zelten in Container. Wir w\u00fcrden gerne Menschen, die sich daf\u00fcr interessieren, in diese St\u00e4dte bringen. Haben uns allerdings daf\u00fcr [&hellip;]<\/p>\n","protected":false},"author":1,"featured_media":22,"parent":0,"menu_order":0,"comment_status":"closed","ping_status":"closed","template":"","meta":[],"_links":{"self":[{"href":"https:\/\/www.hattons-orientexpress.de\/index.php?rest_route=\/wp\/v2\/pages\/9"}],"collection":[{"href":"https:\/\/www.hattons-orientexpress.de\/index.php?rest_route=\/wp\/v2\/pages"}],"about":[{"href":"https:\/\/www.hattons-orientexpress.de\/index.php?rest_route=\/wp\/v2\/types\/page"}],"author":[{"embeddable":true,"href":"https:\/\/www.hattons-orientexpress.de\/index.php?rest_route=\/wp\/v2\/users\/1"}],"replies":[{"embeddable":true,"href":"https:\/\/www.hattons-orientexpress.de\/index.php?rest_route=%2Fwp%2Fv2%2Fcomments&post=9"}],"version-history":[{"count":5,"href":"https:\/\/www.hattons-orientexpress.de\/index.php?rest_route=\/wp\/v2\/pages\/9\/revisions"}],"predecessor-version":[{"id":138,"href":"https:\/\/www.hattons-orientexpress.de\/index.php?rest_route=\/wp\/v2\/pages\/9\/revisions\/138"}],"wp:featuredmedia":[{"embeddable":true,"href":"https:\/\/www.hattons-orientexpress.de\/index.php?rest_route=\/wp\/v2\/media\/22"}],"wp:attachment":[{"href":"https:\/\/www.hattons-orientexpress.de\/index.php?rest_route=%2Fwp%2Fv2%2Fmedia&parent=9"}],"curies":[{"name":"wp","href":"https:\/\/api.w.org\/{rel}","templated":true}]}}